{"id":18111,"date":"2024-02-29T09:30:12","date_gmt":"2024-02-29T08:30:12","guid":{"rendered":"https:\/\/flensburg-galerie.de\/?page_id=18111"},"modified":"2024-02-29T12:53:01","modified_gmt":"2024-02-29T11:53:01","slug":"oeffnungszeiten","status":"publish","type":"page","link":"https:\/\/flensburg-galerie.de\/en\/oeffnungszeiten\/","title":{"rendered":"\u00d6ffnungszeiten"},"content":{"rendered":"<div data-elementor-type=\"wp-page\" data-elementor-id=\"18111\" class=\"elementor elementor-18111\" data-elementor-post-type=\"page\">\n\t\t\t\t<div class=\"elementor-element elementor-element-bb6163e e-flex e-con-boxed e-con e-parent\" data-id=\"bb6163e\" data-element_type=\"container\" data-settings=\"{&quot;_ob_use_container_extras&quot;:&quot;no&quot;,&quot;_ob_column_hoveranimator&quot;:&quot;no&quot;,&quot;_ob_glider_is_slider&quot;:&quot;no&quot;,&quot;_ob_column_has_pseudo&quot;:&quot;no&quot;}\">\n\t\t\t\t\t<div class=\"e-con-inner\">\n\t\t\t\t<div class=\"elementor-element elementor-element-a817356 ob-has-background-overlay elementor-widget elementor-widget-spacer\" data-id=\"a817356\" data-element_type=\"widget\" data-settings=\"{&quot;_ob_spacerat_use&quot;:&quot;no&quot;,&quot;_ob_widget_stalker_use&quot;:&quot;no&quot;,&quot;_ob_poopart_use&quot;:&quot;yes&quot;,&quot;_ob_shadough_use&quot;:&quot;no&quot;,&quot;_ob_allow_hoveranimator&quot;:&quot;no&quot;}\" data-widget_type=\"spacer.default\">\n\t\t\t\t<div class=\"elementor-widget-container\">\n\t\t\t\t\t\t\t<div class=\"elementor-spacer\">\n\t\t\t<div class=\"elementor-spacer-inner\"><\/div>\n\t\t<\/div>\n\t\t\t\t\t\t<\/div>\n\t\t\t\t<\/div>\n\t\t\t\t<div class=\"elementor-element elementor-element-e3d8d3e dce_masking-none ob-has-background-overlay elementor-widget elementor-widget-image\" data-id=\"e3d8d3e\" data-element_type=\"widget\" data-settings=\"{&quot;_ob_photomorph_use&quot;:&quot;no&quot;,&quot;_ob_widget_stalker_use&quot;:&quot;no&quot;,&quot;_ob_poopart_use&quot;:&quot;yes&quot;,&quot;_ob_shadough_use&quot;:&quot;no&quot;,&quot;_ob_allow_hoveranimator&quot;:&quot;no&quot;}\" data-widget_type=\"image.default\">\n\t\t\t\t<div class=\"elementor-widget-container\">\n\t\t\t\t\t\t\t\t\t\t\t\t\t\t\t<img fetchpriority=\"high\" decoding=\"async\" width=\"800\" height=\"181\" src=\"https:\/\/flensburg-galerie.de\/wp-content\/uploads\/2024\/02\/FG_HeadlineOeffnungszeiten-1024x232.png\" class=\"attachment-large size-large wp-image-18270\" alt=\"\" srcset=\"https:\/\/flensburg-galerie.de\/wp-content\/uploads\/2024\/02\/FG_HeadlineOeffnungszeiten-1024x232.png 1024w, https:\/\/flensburg-galerie.de\/wp-content\/uploads\/2024\/02\/FG_HeadlineOeffnungszeiten-300x68.png 300w, https:\/\/flensburg-galerie.de\/wp-content\/uploads\/2024\/02\/FG_HeadlineOeffnungszeiten-768x174.png 768w, https:\/\/flensburg-galerie.de\/wp-content\/uploads\/2024\/02\/FG_HeadlineOeffnungszeiten-1536x347.png 1536w, https:\/\/flensburg-galerie.de\/wp-content\/uploads\/2024\/02\/FG_HeadlineOeffnungszeiten-2048x463.png 2048w, https:\/\/flensburg-galerie.de\/wp-content\/uploads\/2024\/02\/FG_HeadlineOeffnungszeiten-18x4.png 18w\" sizes=\"(max-width: 800px) 100vw, 800px\" \/>\t\t\t\t\t\t\t\t\t\t\t\t\t\t\t<\/div>\n\t\t\t\t<\/div>\n\t\t\t\t<div class=\"elementor-element elementor-element-0258ae9 ob-has-background-overlay elementor-widget elementor-widget-spacer\" data-id=\"0258ae9\" data-element_type=\"widget\" data-settings=\"{&quot;_ob_spacerat_use&quot;:&quot;no&quot;,&quot;_ob_widget_stalker_use&quot;:&quot;no&quot;,&quot;_ob_poopart_use&quot;:&quot;yes&quot;,&quot;_ob_shadough_use&quot;:&quot;no&quot;,&quot;_ob_allow_hoveranimator&quot;:&quot;no&quot;}\" data-widget_type=\"spacer.default\">\n\t\t\t\t<div class=\"elementor-widget-container\">\n\t\t\t\t\t\t\t<div class=\"elementor-spacer\">\n\t\t\t<div class=\"elementor-spacer-inner\"><\/div>\n\t\t<\/div>\n\t\t\t\t\t\t<\/div>\n\t\t\t\t<\/div>\n\t\t\t\t\t<\/div>\n\t\t\t\t<\/div>\n\t\t<div class=\"elementor-element elementor-element-e639489 e-flex e-con-boxed e-con e-parent\" data-id=\"e639489\" data-element_type=\"container\" data-settings=\"{&quot;_ob_use_container_extras&quot;:&quot;no&quot;,&quot;_ob_column_hoveranimator&quot;:&quot;no&quot;,&quot;_ob_glider_is_slider&quot;:&quot;no&quot;,&quot;_ob_column_has_pseudo&quot;:&quot;no&quot;}\">\n\t\t\t\t\t<div class=\"e-con-inner\">\n\t\t<div class=\"elementor-element elementor-element-57e002a e-con-full e-flex e-con e-child\" data-id=\"57e002a\" data-element_type=\"container\" data-settings=\"{&quot;_ob_use_container_extras&quot;:&quot;no&quot;,&quot;_ob_column_hoveranimator&quot;:&quot;no&quot;,&quot;_ob_glider_is_slider&quot;:&quot;no&quot;,&quot;_ob_column_has_pseudo&quot;:&quot;no&quot;}\">\n\t\t\t\t<div class=\"elementor-element elementor-element-61176a3 ob-harakiri-inherit ob-has-background-overlay elementor-widget elementor-widget-heading\" data-id=\"61176a3\" data-element_type=\"widget\" data-settings=\"{&quot;_ob_use_harakiri&quot;:&quot;yes&quot;,&quot;_ob_harakiri_writing_mode&quot;:&quot;inherit&quot;,&quot;_ob_harakiri_text_clip&quot;:&quot;none&quot;,&quot;_ob_widget_stalker_use&quot;:&quot;no&quot;,&quot;_ob_poopart_use&quot;:&quot;yes&quot;,&quot;_ob_shadough_use&quot;:&quot;no&quot;,&quot;_ob_allow_hoveranimator&quot;:&quot;no&quot;}\" data-widget_type=\"heading.default\">\n\t\t\t\t<div class=\"elementor-widget-container\">\n\t\t\t\t\t<h2 class=\"elementor-heading-title elementor-size-default\">Kern\u00f6ffnungszeiten<\/h2>\t\t\t\t<\/div>\n\t\t\t\t<\/div>\n\t\t\t\t<div data-dce-title-color=\"#2B2B2B\" class=\"elementor-element elementor-element-16233ad ob-harakiri-inherit ob-has-background-overlay elementor-widget elementor-widget-heading\" data-id=\"16233ad\" data-element_type=\"widget\" data-settings=\"{&quot;_ob_use_harakiri&quot;:&quot;yes&quot;,&quot;_ob_harakiri_writing_mode&quot;:&quot;inherit&quot;,&quot;_ob_harakiri_text_clip&quot;:&quot;none&quot;,&quot;_ob_widget_stalker_use&quot;:&quot;no&quot;,&quot;_ob_poopart_use&quot;:&quot;yes&quot;,&quot;_ob_shadough_use&quot;:&quot;no&quot;,&quot;_ob_allow_hoveranimator&quot;:&quot;no&quot;}\" data-widget_type=\"heading.default\">\n\t\t\t\t<div class=\"elementor-widget-container\">\n\t\t\t\t\t<h2 class=\"elementor-heading-title elementor-size-default\">Montag bis Samstag\n9.30 Uhr \u2013 20:00 Uhr<\/h2>\t\t\t\t<\/div>\n\t\t\t\t<\/div>\n\t\t\t\t<\/div>\n\t\t<div class=\"elementor-element elementor-element-a1fb682 e-con-full e-flex e-con e-child\" data-id=\"a1fb682\" data-element_type=\"container\" data-settings=\"{&quot;_ob_use_container_extras&quot;:&quot;no&quot;,&quot;_ob_column_hoveranimator&quot;:&quot;no&quot;,&quot;_ob_glider_is_slider&quot;:&quot;no&quot;,&quot;_ob_column_has_pseudo&quot;:&quot;no&quot;}\">\n\t\t\t\t<div class=\"elementor-element elementor-element-533b85c ob-harakiri-inherit ob-has-background-overlay elementor-widget elementor-widget-heading\" data-id=\"533b85c\" data-element_type=\"widget\" data-settings=\"{&quot;_ob_use_harakiri&quot;:&quot;yes&quot;,&quot;_ob_harakiri_writing_mode&quot;:&quot;inherit&quot;,&quot;_ob_harakiri_text_clip&quot;:&quot;none&quot;,&quot;_ob_widget_stalker_use&quot;:&quot;no&quot;,&quot;_ob_poopart_use&quot;:&quot;yes&quot;,&quot;_ob_shadough_use&quot;:&quot;no&quot;,&quot;_ob_allow_hoveranimator&quot;:&quot;no&quot;}\" data-widget_type=\"heading.default\">\n\t\t\t\t<div class=\"elementor-widget-container\">\n\t\t\t\t\t<h2 class=\"elementor-heading-title elementor-size-default\">Abweichende \u00d6ffnungszeiten<\/h2>\t\t\t\t<\/div>\n\t\t\t\t<\/div>\n\t\t\t\t<div class=\"elementor-element elementor-element-937f627 ob-has-background-overlay elementor-widget elementor-widget-toggle\" data-id=\"937f627\" data-element_type=\"widget\" data-settings=\"{&quot;_ob_widget_stalker_use&quot;:&quot;no&quot;,&quot;_ob_poopart_use&quot;:&quot;yes&quot;,&quot;_ob_shadough_use&quot;:&quot;no&quot;,&quot;_ob_allow_hoveranimator&quot;:&quot;no&quot;}\" data-widget_type=\"toggle.default\">\n\t\t\t\t<div class=\"elementor-widget-container\">\n\t\t\t\t\t\t\t<div class=\"elementor-toggle\">\n\t\t\t\t\t\t\t<div class=\"elementor-toggle-item\">\n\t\t\t\t\t<div id=\"elementor-tab-title-1541\" class=\"elementor-tab-title\" data-tab=\"1\" role=\"button\" aria-controls=\"elementor-tab-content-1541\" aria-expanded=\"false\">\n\t\t\t\t\t\t\t\t\t\t\t\t<span class=\"elementor-toggle-icon elementor-toggle-icon-left\" aria-hidden=\"true\">\n\t\t\t\t\t\t\t\t\t\t\t\t\t\t\t<span class=\"elementor-toggle-icon-closed\"><i class=\"fas fa-caret-right\"><\/i><\/span>\n\t\t\t\t\t\t\t\t<span class=\"elementor-toggle-icon-opened\"><i class=\"elementor-toggle-icon-opened fas fa-caret-up\"><\/i><\/span>\n\t\t\t\t\t\t\t\t\t\t\t\t\t<\/span>\n\t\t\t\t\t\t\t\t\t\t\t\t<a class=\"elementor-toggle-title\" tabindex=\"0\">\u00d6ffnungszeiten unserer Shops<\/a>\n\t\t\t\t\t<\/div>\n\n\t\t\t\t\t<div id=\"elementor-tab-content-1541\" class=\"elementor-tab-content elementor-clearfix\" data-tab=\"1\" role=\"region\" aria-labelledby=\"elementor-tab-title-1541\"><p>Abweichende \u00d6ffnungszeiten unserer Shops findet ihr auf den jeweiligen\u00a0<a href=\"\/en\/shops\/\">Shop-Detailseiten<\/a>.\u00a0<\/p><\/div>\n\t\t\t\t<\/div>\n\t\t\t\t\t\t\t<div class=\"elementor-toggle-item\">\n\t\t\t\t\t<div id=\"elementor-tab-title-1542\" class=\"elementor-tab-title\" data-tab=\"2\" role=\"button\" aria-controls=\"elementor-tab-content-1542\" aria-expanded=\"false\">\n\t\t\t\t\t\t\t\t\t\t\t\t<span class=\"elementor-toggle-icon elementor-toggle-icon-left\" aria-hidden=\"true\">\n\t\t\t\t\t\t\t\t\t\t\t\t\t\t\t<span class=\"elementor-toggle-icon-closed\"><i class=\"fas fa-caret-right\"><\/i><\/span>\n\t\t\t\t\t\t\t\t<span class=\"elementor-toggle-icon-opened\"><i class=\"elementor-toggle-icon-opened fas fa-caret-up\"><\/i><\/span>\n\t\t\t\t\t\t\t\t\t\t\t\t\t<\/span>\n\t\t\t\t\t\t\t\t\t\t\t\t<a class=\"elementor-toggle-title\" tabindex=\"0\">Verkaufsoffene Sonntage<\/a>\n\t\t\t\t\t<\/div>\n\n\t\t\t\t\t<div id=\"elementor-tab-content-1542\" class=\"elementor-tab-content elementor-clearfix\" data-tab=\"2\" role=\"region\" aria-labelledby=\"elementor-tab-title-1542\"><p>Termine f\u00fcr verkaufsoffene Sonntage werden hier bekanntgegeben.<\/p><\/div>\n\t\t\t\t<\/div>\n\t\t\t\t\t\t\t<div class=\"elementor-toggle-item\">\n\t\t\t\t\t<div id=\"elementor-tab-title-1543\" class=\"elementor-tab-title\" data-tab=\"3\" role=\"button\" aria-controls=\"elementor-tab-content-1543\" aria-expanded=\"false\">\n\t\t\t\t\t\t\t\t\t\t\t\t<span class=\"elementor-toggle-icon elementor-toggle-icon-left\" aria-hidden=\"true\">\n\t\t\t\t\t\t\t\t\t\t\t\t\t\t\t<span class=\"elementor-toggle-icon-closed\"><i class=\"fas fa-caret-right\"><\/i><\/span>\n\t\t\t\t\t\t\t\t<span class=\"elementor-toggle-icon-opened\"><i class=\"elementor-toggle-icon-opened fas fa-caret-up\"><\/i><\/span>\n\t\t\t\t\t\t\t\t\t\t\t\t\t<\/span>\n\t\t\t\t\t\t\t\t\t\t\t\t<a class=\"elementor-toggle-title\" tabindex=\"0\">Heiligabend und Silvester<\/a>\n\t\t\t\t\t<\/div>\n\n\t\t\t\t\t<div id=\"elementor-tab-content-1543\" class=\"elementor-tab-content elementor-clearfix\" data-tab=\"3\" role=\"region\" aria-labelledby=\"elementor-tab-title-1543\"><p>9:30 Uhr \u2013 13:00 Uhr\u00a0<\/p><p>Unsere Lebensmittelgesch\u00e4fte haben abweichende \u00d6ffnungszeiten.<\/p><\/div>\n\t\t\t\t<\/div>\n\t\t\t\t\t\t\t\t<\/div>\n\t\t\t\t\t\t<\/div>\n\t\t\t\t<\/div>\n\t\t\t\t<\/div>\n\t\t\t\t\t<\/div>\n\t\t\t\t<\/div>\n\t\t\t\t<\/div>","protected":false},"excerpt":{"rendered":"<p>Kern\u00f6ffnungszeiten Montag bis Samstag 9.30 Uhr \u2013 20:00 Uhr Abweichende \u00d6ffnungszeiten \u00d6ffnungszeiten unserer Shops Abweichende \u00d6ffnungszeiten unserer Shops findet ihr auf den jeweiligen\u00a0Shop-Detailseiten.\u00a0 Verkaufsoffene Sonntage Termine f\u00fcr verkaufsoffene Sonntage werden hier bekanntgegeben. Heiligabend und Silvester 9:30 Uhr \u2013 13:00 Uhr\u00a0 Unsere Lebensmittelgesch\u00e4fte haben abweichende \u00d6ffnungszeiten.<\/p>","protected":false},"author":15,"featured_media":0,"parent":0,"menu_order":0,"comment_status":"closed","ping_status":"closed","template":"","meta":{"_acf_changed":false,"footnotes":""},"class_list":["post-18111","page","type-page","status-publish","hentry"],"acf":[],"yoast_head":"<!-- This site is optimized with the Yoast SEO plugin v26.3 - https:\/\/yoast.com\/wordpress\/plugins\/seo\/ -->\n<title>\u00d6ffnungszeiten - Flensburg Galerie<\/title>\n<meta name=\"robots\" content=\"index, follow, max-snippet:-1, max-image-preview:large, max-video-preview:-1\" \/>\n<link rel=\"canonical\" href=\"https:\/\/flensburg-galerie.de\/en\/oeffnungszeiten\/\" \/>\n<meta property=\"og:locale\" content=\"en_GB\" \/>\n<meta property=\"og:type\" content=\"article\" \/>\n<meta property=\"og:title\" content=\"\u00d6ffnungszeiten - Flensburg Galerie\" \/>\n<meta property=\"og:description\" content=\"Kern\u00f6ffnungszeiten Montag bis Samstag 9.30 Uhr \u2013 20:00 Uhr Abweichende \u00d6ffnungszeiten \u00d6ffnungszeiten unserer Shops Abweichende \u00d6ffnungszeiten unserer Shops findet ihr auf den jeweiligen\u00a0Shop-Detailseiten.\u00a0 Verkaufsoffene Sonntage Termine f\u00fcr verkaufsoffene Sonntage werden hier bekanntgegeben. Heiligabend und Silvester 9:30 Uhr \u2013 13:00 Uhr\u00a0 Unsere Lebensmittelgesch\u00e4fte haben abweichende \u00d6ffnungszeiten.\" \/>\n<meta property=\"og:url\" content=\"https:\/\/flensburg-galerie.de\/en\/oeffnungszeiten\/\" \/>\n<meta property=\"og:site_name\" content=\"Flensburg Galerie\" \/>\n<meta property=\"article:modified_time\" content=\"2024-02-29T11:53:01+00:00\" \/>\n<meta property=\"og:image\" content=\"https:\/\/flensburg-galerie.de\/wp-content\/uploads\/2024\/02\/FG_HeadlineOeffnungszeiten-1024x232.png\" \/>\n<meta name=\"twitter:card\" content=\"summary_large_image\" \/>\n<meta name=\"twitter:label1\" content=\"Estimated reading time\" \/>\n\t<meta name=\"twitter:data1\" content=\"1 minute\" \/>\n<script type=\"application\/ld+json\" class=\"yoast-schema-graph\">{\"@context\":\"https:\/\/schema.org\",\"@graph\":[{\"@type\":\"WebPage\",\"@id\":\"https:\/\/flensburg-galerie.de\/oeffnungszeiten\/\",\"url\":\"https:\/\/flensburg-galerie.de\/oeffnungszeiten\/\",\"name\":\"\u00d6ffnungszeiten - Flensburg Galerie\",\"isPartOf\":{\"@id\":\"https:\/\/flensburg-galerie.de\/#website\"},\"primaryImageOfPage\":{\"@id\":\"https:\/\/flensburg-galerie.de\/oeffnungszeiten\/#primaryimage\"},\"image\":{\"@id\":\"https:\/\/flensburg-galerie.de\/oeffnungszeiten\/#primaryimage\"},\"thumbnailUrl\":\"https:\/\/flensburg-galerie.de\/wp-content\/uploads\/2024\/02\/FG_HeadlineOeffnungszeiten-1024x232.png\",\"datePublished\":\"2024-02-29T08:30:12+00:00\",\"dateModified\":\"2024-02-29T11:53:01+00:00\",\"breadcrumb\":{\"@id\":\"https:\/\/flensburg-galerie.de\/oeffnungszeiten\/#breadcrumb\"},\"inLanguage\":\"en-GB\",\"potentialAction\":[{\"@type\":\"ReadAction\",\"target\":[\"https:\/\/flensburg-galerie.de\/oeffnungszeiten\/\"]}]},{\"@type\":\"ImageObject\",\"inLanguage\":\"en-GB\",\"@id\":\"https:\/\/flensburg-galerie.de\/oeffnungszeiten\/#primaryimage\",\"url\":\"https:\/\/flensburg-galerie.de\/wp-content\/uploads\/2024\/02\/FG_HeadlineOeffnungszeiten-1024x232.png\",\"contentUrl\":\"https:\/\/flensburg-galerie.de\/wp-content\/uploads\/2024\/02\/FG_HeadlineOeffnungszeiten-1024x232.png\"},{\"@type\":\"BreadcrumbList\",\"@id\":\"https:\/\/flensburg-galerie.de\/oeffnungszeiten\/#breadcrumb\",\"itemListElement\":[{\"@type\":\"ListItem\",\"position\":1,\"name\":\"Startseite\",\"item\":\"https:\/\/flensburg-galerie.de\/\"},{\"@type\":\"ListItem\",\"position\":2,\"name\":\"\u00d6ffnungszeiten\"}]},{\"@type\":\"WebSite\",\"@id\":\"https:\/\/flensburg-galerie.de\/#website\",\"url\":\"https:\/\/flensburg-galerie.de\/\",\"name\":\"Flensburg Galerie\",\"description\":\"Einkaufen in Flensburg\",\"publisher\":{\"@id\":\"https:\/\/flensburg-galerie.de\/#organization\"},\"potentialAction\":[{\"@type\":\"SearchAction\",\"target\":{\"@type\":\"EntryPoint\",\"urlTemplate\":\"https:\/\/flensburg-galerie.de\/?s={search_term_string}\"},\"query-input\":{\"@type\":\"PropertyValueSpecification\",\"valueRequired\":true,\"valueName\":\"search_term_string\"}}],\"inLanguage\":\"en-GB\"},{\"@type\":\"Organization\",\"@id\":\"https:\/\/flensburg-galerie.de\/#organization\",\"name\":\"Flensburg Galerie\",\"url\":\"https:\/\/flensburg-galerie.de\/\",\"logo\":{\"@type\":\"ImageObject\",\"inLanguage\":\"en-GB\",\"@id\":\"https:\/\/flensburg-galerie.de\/#\/schema\/logo\/image\/\",\"url\":\"https:\/\/flensburg-galerie.de\/wp-content\/uploads\/2020\/02\/FGF_Logo_Quadrate_RGB_300-scaled.jpg\",\"contentUrl\":\"https:\/\/flensburg-galerie.de\/wp-content\/uploads\/2020\/02\/FGF_Logo_Quadrate_RGB_300-scaled.jpg\",\"width\":2560,\"height\":1729,\"caption\":\"Flensburg Galerie\"},\"image\":{\"@id\":\"https:\/\/flensburg-galerie.de\/#\/schema\/logo\/image\/\"}}]}<\/script>\n<!-- \/ Yoast SEO plugin. -->","yoast_head_json":{"title":"\u00d6ffnungszeiten - Flensburg Galerie","robots":{"index":"index","follow":"follow","max-snippet":"max-snippet:-1","max-image-preview":"max-image-preview:large","max-video-preview":"max-video-preview:-1"},"canonical":"https:\/\/flensburg-galerie.de\/en\/oeffnungszeiten\/","og_locale":"en_GB","og_type":"article","og_title":"\u00d6ffnungszeiten - Flensburg Galerie","og_description":"Kern\u00f6ffnungszeiten Montag bis Samstag 9.30 Uhr \u2013 20:00 Uhr Abweichende \u00d6ffnungszeiten \u00d6ffnungszeiten unserer Shops Abweichende \u00d6ffnungszeiten unserer Shops findet ihr auf den jeweiligen\u00a0Shop-Detailseiten.\u00a0 Verkaufsoffene Sonntage Termine f\u00fcr verkaufsoffene Sonntage werden hier bekanntgegeben. Heiligabend und Silvester 9:30 Uhr \u2013 13:00 Uhr\u00a0 Unsere Lebensmittelgesch\u00e4fte haben abweichende \u00d6ffnungszeiten.","og_url":"https:\/\/flensburg-galerie.de\/en\/oeffnungszeiten\/","og_site_name":"Flensburg Galerie","article_modified_time":"2024-02-29T11:53:01+00:00","og_image":[{"url":"https:\/\/flensburg-galerie.de\/wp-content\/uploads\/2024\/02\/FG_HeadlineOeffnungszeiten-1024x232.png","type":"","width":"","height":""}],"twitter_card":"summary_large_image","twitter_misc":{"Estimated reading time":"1 minute"},"schema":{"@context":"https:\/\/schema.org","@graph":[{"@type":"WebPage","@id":"https:\/\/flensburg-galerie.de\/oeffnungszeiten\/","url":"https:\/\/flensburg-galerie.de\/oeffnungszeiten\/","name":"\u00d6ffnungszeiten - Flensburg Galerie","isPartOf":{"@id":"https:\/\/flensburg-galerie.de\/#website"},"primaryImageOfPage":{"@id":"https:\/\/flensburg-galerie.de\/oeffnungszeiten\/#primaryimage"},"image":{"@id":"https:\/\/flensburg-galerie.de\/oeffnungszeiten\/#primaryimage"},"thumbnailUrl":"https:\/\/flensburg-galerie.de\/wp-content\/uploads\/2024\/02\/FG_HeadlineOeffnungszeiten-1024x232.png","datePublished":"2024-02-29T08:30:12+00:00","dateModified":"2024-02-29T11:53:01+00:00","breadcrumb":{"@id":"https:\/\/flensburg-galerie.de\/oeffnungszeiten\/#breadcrumb"},"inLanguage":"en-GB","potentialAction":[{"@type":"ReadAction","target":["https:\/\/flensburg-galerie.de\/oeffnungszeiten\/"]}]},{"@type":"ImageObject","inLanguage":"en-GB","@id":"https:\/\/flensburg-galerie.de\/oeffnungszeiten\/#primaryimage","url":"https:\/\/flensburg-galerie.de\/wp-content\/uploads\/2024\/02\/FG_HeadlineOeffnungszeiten-1024x232.png","contentUrl":"https:\/\/flensburg-galerie.de\/wp-content\/uploads\/2024\/02\/FG_HeadlineOeffnungszeiten-1024x232.png"},{"@type":"BreadcrumbList","@id":"https:\/\/flensburg-galerie.de\/oeffnungszeiten\/#breadcrumb","itemListElement":[{"@type":"ListItem","position":1,"name":"Startseite","item":"https:\/\/flensburg-galerie.de\/"},{"@type":"ListItem","position":2,"name":"\u00d6ffnungszeiten"}]},{"@type":"WebSite","@id":"https:\/\/flensburg-galerie.de\/#website","url":"https:\/\/flensburg-galerie.de\/","name":"Flensburg Galerie","description":"Einkaufen in Flensburg","publisher":{"@id":"https:\/\/flensburg-galerie.de\/#organization"},"potentialAction":[{"@type":"SearchAction","target":{"@type":"EntryPoint","urlTemplate":"https:\/\/flensburg-galerie.de\/?s={search_term_string}"},"query-input":{"@type":"PropertyValueSpecification","valueRequired":true,"valueName":"search_term_string"}}],"inLanguage":"en-GB"},{"@type":"Organization","@id":"https:\/\/flensburg-galerie.de\/#organization","name":"Flensburg Galerie","url":"https:\/\/flensburg-galerie.de\/","logo":{"@type":"ImageObject","inLanguage":"en-GB","@id":"https:\/\/flensburg-galerie.de\/#\/schema\/logo\/image\/","url":"https:\/\/flensburg-galerie.de\/wp-content\/uploads\/2020\/02\/FGF_Logo_Quadrate_RGB_300-scaled.jpg","contentUrl":"https:\/\/flensburg-galerie.de\/wp-content\/uploads\/2020\/02\/FGF_Logo_Quadrate_RGB_300-scaled.jpg","width":2560,"height":1729,"caption":"Flensburg Galerie"},"image":{"@id":"https:\/\/flensburg-galerie.de\/#\/schema\/logo\/image\/"}}]}},"_links":{"self":[{"href":"https:\/\/flensburg-galerie.de\/en\/wp-json\/wp\/v2\/pages\/18111","targetHints":{"allow":["GET"]}}],"collection":[{"href":"https:\/\/flensburg-galerie.de\/en\/wp-json\/wp\/v2\/pages"}],"about":[{"href":"https:\/\/flensburg-galerie.de\/en\/wp-json\/wp\/v2\/types\/page"}],"author":[{"embeddable":true,"href":"https:\/\/flensburg-galerie.de\/en\/wp-json\/wp\/v2\/users\/15"}],"replies":[{"embeddable":true,"href":"https:\/\/flensburg-galerie.de\/en\/wp-json\/wp\/v2\/comments?post=18111"}],"version-history":[{"count":18,"href":"https:\/\/flensburg-galerie.de\/en\/wp-json\/wp\/v2\/pages\/18111\/revisions"}],"predecessor-version":[{"id":18273,"href":"https:\/\/flensburg-galerie.de\/en\/wp-json\/wp\/v2\/pages\/18111\/revisions\/18273"}],"wp:attachment":[{"href":"https:\/\/flensburg-galerie.de\/en\/wp-json\/wp\/v2\/media?parent=18111"}],"curies":[{"name":"wp","href":"https:\/\/api.w.org\/{rel}","templated":true}]}}